


















{"id":12510,"date":"2024-06-03T08:17:05","date_gmt":"2024-06-03T06:17:05","guid":{"rendered":"https:\/\/icv.tunuevapagina.com\/condiciones-de-uso\/"},"modified":"2025-11-18T10:26:11","modified_gmt":"2025-11-18T09:26:11","slug":"condiciones-de-uso","status":"publish","type":"page","link":"https:\/\/www.ibizacountryvillas.com\/en\/condiciones-de-uso\/","title":{"rendered":"Use conditions"},"content":{"rendered":"\t\t<div data-elementor-type=\"wp-page\" data-elementor-id=\"12510\" class=\"elementor elementor-12510 elementor-31\" data-elementor-post-type=\"page\">\n\t\t\t\t<div class=\"elementor-element elementor-element-aeac06b e-flex e-con-boxed e-con e-parent\" data-id=\"aeac06b\" data-element_type=\"container\" data-e-type=\"container\">\n\t\t\t\t\t<div class=\"e-con-inner\">\n\t\t\t\t<div class=\"elementor-element elementor-element-45941cf elementor-widget elementor-widget-heading\" data-id=\"45941cf\" data-element_type=\"widget\" data-e-type=\"widget\" data-widget_type=\"heading.default\">\n\t\t\t\t<div class=\"elementor-widget-container\">\n\t\t\t\t\t<h1 class=\"elementor-heading-title elementor-size-default\">Use conditions<\/h1>\t\t\t\t<\/div>\n\t\t\t\t<\/div>\n\t\t\t\t<div class=\"elementor-element elementor-element-1a4087e elementor-widget elementor-widget-text-editor\" data-id=\"1a4087e\" data-element_type=\"widget\" data-e-type=\"widget\" data-widget_type=\"text-editor.default\">\n\t\t\t\t<div class=\"elementor-widget-container\">\n\t\t\t\t\t\t\t\t\t<div class=\"uk-margin-medium-top\"><p>En cumplimiento de la Ley 34\/2002, de 11 de julio, de Servicios de la Sociedad de la Informaci\u00f3n y deEn cumplimiento de la Ley 34\/2002, de 11 de julio, de Servicios de la Sociedad de la Informaci\u00f3n y deComercio Electr\u00f3nico (LSSI-CE), IBIZA COUNTRY VILLAS SL informa que es titular del sitio web www.testicv.classbusinessgroup.com . De acuerdo con la exigencia del art\u00edculo 10 de la citada Ley, IBIZACOUNTRY VILLAS SL informa de los siguientes datos:<\/p><p>El titular de este sitio web es IBIZA COUNTRY VILLAS SL, con CIF B57182412 y domicilio social enEl titular de este sitio web es IBIZA COUNTRY VILLAS SL, con CIF B57182412 y domicilio social enAVENIDA DE JUAN CARLOS I S\/N EDIF TRANSAT LOCAL 15 07800, EIVISSA (ILLES BALEARS),inscrita en el Registro Mercantil, en el tomo &#8230;&#8230;&#8230;&#8230;., folio &#8230;&#8230;&#8230;&#8230;., hoja &#8230;&#8230;&#8230;&#8230;. e inscripci\u00f3n&#8230;&#8230;&#8230;&#8230;&#8230; La direcci\u00f3n de correo electr\u00f3nico de contacto con la empresa es:<span id=\"cloak209735f8e841f5514ddbf7d84435039f\"><a href=\"mailto:admin@ibizacountryvillas.com\">admin@ibizacountryvillas.com<\/a><\/span><\/p><p><strong>Usuario y r\u00e9gimen de responsabilidades<\/strong><\/p><p>La navegaci\u00f3n, acceso y uso por el sitio web de IBIZA COUNTRY VILLAS SL confiere la condici\u00f3n deLa navegaci\u00f3n, acceso y uso por el sitio web de IBIZA COUNTRY VILLAS SL confiere la condici\u00f3n deusuario, por la que se aceptan, desde la navegaci\u00f3n por el sitio web de IBIZA COUNTRY VILLAS SL,todas las condiciones de uso aqu\u00ed establecidas sin perjuicio de la aplicaci\u00f3n de la correspondientenormativa de obligado cumplimiento legal seg\u00fan el caso.<\/p><p>El sitio web de IBIZA COUNTRY VILLAS SL proporciona gran diversidad de informaci\u00f3n, servicios yEl sitio web de IBIZA COUNTRY VILLAS SL proporciona gran diversidad de informaci\u00f3n, servicios ydatos. El usuario asume su responsabilidad en el uso correcto del sitio web. Esta responsabilidad seextender\u00e1 a:<\/p><ul><li>La veracidad y licitud de las informaciones aportadas por el usuario en los formularios\uf0a7 La veracidad y licitud de las informaciones aportadas por el usuario en los formulariosextendidos por IBIZA COUNTRY VILLAS SL para el acceso a ciertos contenidos o serviciosofrecidos por el web.<\/li><li>El uso de la informaci\u00f3n, servicios y datos ofrecidos por IBIZA COUNTRY VILLAS SLcontrariamente a lo dispuesto por las presentes condiciones, la Ley, la moral, las buenascostumbres o el orden p\u00fablico, o que de cualquier otro modo puedan suponer lesi\u00f3n de losderechos de terceros o del mismo funcionamiento del sitio web.<\/li><\/ul><p><strong>Pol\u00edtica de enlaces y exenciones de responsabilidad<\/strong><\/p><p>IBIZA COUNTRY VILLAS SL no se hace responsable del contenido de los sitios web a los que elIBIZA COUNTRY VILLAS SL no se hace responsable del contenido de los sitios web a los que elusuario pueda acceder a trav\u00e9s de los enlaces establecidos en su sitio web y declara que en ning\u00fancaso proceder\u00e1 a examinar o ejercitar ning\u00fan tipo de control sobre el contenido de otros sitios de lared. Asimismo, tampoco garantizar\u00e1 la disponibilidad t\u00e9cnica, exactitud, veracidad, validez o legalidadde sitios ajenos a su propiedad a los que se pueda acceder por medio de los enlaces.<\/p><p>IBIZA COUNTRY VILLAS SL declara haber adoptado todas las medidas necesarias para evitarIBIZA COUNTRY VILLAS SL declara haber adoptado todas las medidas necesarias para evitarcualquier da\u00f1o a los usuarios de su sitio web, que pudieran derivarse de la navegaci\u00f3n por su sitioweb. En consecuencia, IBIZA COUNTRY VILLAS SL no se hace responsable, en ning\u00fan caso, de loseventuales da\u00f1os que por la navegaci\u00f3n por Internet pudiera sufrir el usuario.<\/p><p><strong>Modificaciones<\/strong><\/p><p>IBIZA COUNTRY VILLAS SL se reserva el derecho a realizar las modificaciones que considereIBIZA COUNTRY VILLAS SL se reserva el derecho a realizar las modificaciones que considereoportunas, sin aviso previo, en el contenido de su sitio web. Tanto en lo referente a los contenidos delsitio web, como en las condiciones de uso del mismo.Dichas modificaciones podr\u00e1n realizarse a trav\u00e9s de su sitio web por cualquier forma admisible en derecho y ser\u00e1n de obligado cumplimiento durante el tiempo en que se encuentren publicadas en la web y hasta que no sean modificadas v\u00e1lidamente por otras posteriores.<\/p><p><strong>Protecci\u00f3n de datos<\/strong><\/p><p>De conformidad con lo establecido en la normativa vigente en Protecci\u00f3n de Datos de Car\u00e1cter Personal, le informamos que sus datos ser\u00e1n incorporados al sistema de tratamiento titularidad de IBIZA COUNTRY VILLAS SL con CIF B57182412 y domicilio social sito en AVENIDA DE JUAN CARLOS I S\/N EDIF TRANSAT LOCAL 15 07800, EIVISSA (ILLES BALEARS), con la finalidad de poder facilitar, agilizar y cumplir los compromisos establecidos entre ambas partes. En cumplimiento con la normativa vigente, IBIZA COUNTRY VILLAS SL informa que los datos ser\u00e1n conservados durante el plazo estrictamente necesario para cumplir con los preceptos mencionados con anterioridad.<\/p><p>Le informamos que el tratamiento de sus datos est\u00e1 legitimado por su consentimiento.<\/p><p>IBIZA COUNTRY VILLAS SL informa que proceder\u00e1 a tratar los datos de manera l\u00edcita, leal, transparente, adecuada, pertinente, limitada, exacta y actualizada. Es por ello que IBIZA COUNTRY VILLAS SL se compromete a adoptar todas las medidas razonables para que estos se supriman o rectifiquen sin dilaci\u00f3n cuando sean inexactos.IBIZA COUNTRY VILLAS SL informa que proceder\u00e1 a tratar los datos de manera l\u00edcita, leal, transparente, adecuada, pertinente, limitada, exacta y actualizada. Es por ello que IBIZA COUNTRY VILLAS SL se compromete a adoptar todas las medidas razonables para que estos se supriman o rectifiquen sin dilaci\u00f3n cuando sean inexactos.<\/p><p>De acuerdo con los derechos que le confiere el la normativa vigente en protecci\u00f3n de datos podr\u00e1 ejercer los derechos de acceso, rectificaci\u00f3n, limitaci\u00f3n de tratamiento, supresi\u00f3n, portabilidad y oposici\u00f3n al tratamiento de sus datos de car\u00e1cter personal as\u00ed como del consentimiento prestado para el tratamiento de los mismos, dirigiendo su petici\u00f3n a la direcci\u00f3n postal indicada m\u00e1s arriba o al correo electr\u00f3nico\u00a0<span id=\"cloakabf8af9348f393b1b6e93a337ee29aaa\"><a href=\"mailto:admin@ibizacountryvillas.com\">admin@ibizacountryvillas.com<\/a><\/span><\/p><p><span id=\"cloak901386ea8305486eccf5f7c485ceb0b3\"><a href=\"mailto:admin@ibizacountryvillas.comPodr\">Podr<\/a><\/span>\u00e1 dirigirse a la Autoridad de Control competente para presentar la reclamaci\u00f3n que considere oportuna.<\/p><p><strong>Propiedad intelectual e industrial<\/strong><\/p><p>IBIZA COUNTRY VILLAS SL por s\u00ed misma o como cesionaria, es titular de todos los derechos de propiedad intelectual e industrial de su p\u00e1gina web, as\u00ed como de los elementos contenidos en la misma (a t\u00edtulo enunciativo, im\u00e1genes, sonido, audio, v\u00eddeo, software o textos; marcas o logotipos, combinaciones de colores, estructura y dise\u00f1o, selecci\u00f3n de materiales usados, programas de ordenador necesarios para su funcionamiento, acceso y uso, etc.), titularidad de IBIZA COUNTRY VILLAS SL. Ser\u00e1n, por consiguiente, obras protegidas como propiedad intelectual por el ordenamiento jur\u00eddico espa\u00f1ol, si\u00e9ndoles aplicables tanto la normativa espa\u00f1ola y comunitaria en este campo, como los tratados internacionales relativos a la materia y suscritos por Espa\u00f1a.IBIZA COUNTRY VILLAS SL por s\u00ed misma o como cesionaria, es titular de todos los derechos de propiedad intelectual e industrial de su p\u00e1gina web, as\u00ed como de los elementos contenidos en la misma (a t\u00edtulo enunciativo, im\u00e1genes, sonido, audio, v\u00eddeo, software o textos; marcas o logotipos, combinaciones de colores, estructura y dise\u00f1o, selecci\u00f3n de materiales usados, programas de ordenador necesarios para su funcionamiento, acceso y uso, etc.), titularidad de IBIZA COUNTRY VILLAS SL. Ser\u00e1n, por consiguiente, obras protegidas como propiedad intelectual por el ordenamiento jur\u00eddico espa\u00f1ol, si\u00e9ndoles aplicables tanto la normativa espa\u00f1ola y comunitaria en este campo, como los tratados internacionales relativos a la materia y suscritos por Espa\u00f1a.<\/p><p>Todos los derechos reservados. En virtud de lo dispuesto en la Ley de Propiedad Intelectual, quedan expresamente prohibidas la reproducci\u00f3n, la distribuci\u00f3n y la comunicaci\u00f3n p\u00fablica, incluida su modalidad de puesta a disposici\u00f3n, de la totalidad o parte de los contenidos de esta p\u00e1gina web, con fines comerciales, en cualquier soporte y por cualquier medio t\u00e9cnico, sin la autorizaci\u00f3n de IBIZA COUNTRY VILLAS SL.<\/p><p>El usuario se compromete a respetar los derechos de Propiedad Intelectual e Industrial titularidad de IBIZA COUNTRY VILLAS SL.Podr\u00e1 visualizar los elementos del portal e incluso imprimirlos, copiarlos y almacenarlos en el disco duro de su ordenador o en cualquier otro soporte f\u00edsico siempre y cuando sea, \u00fanica y exclusivamente, para su uso personal y privado.<\/p><p>El usuario deber\u00e1 abstenerse de suprimir, alterar, eludir o manipular cualquier dispositivo de protecci\u00f3n o sistema de seguridad que estuviera instalado en las p\u00e1ginas de IBIZA COUNTRY VILLAS SL.<\/p><p><strong>Acciones legales, legislaci\u00f3n aplicable y jurisdicci\u00f3n<\/strong><\/p><p>IBIZA COUNTRY VILLAS SL se reserva, asimismo, la facultad de presentar las acciones civiles o penales que considere oportunas por la utilizaci\u00f3n indebida de su sitio web y contenidos, o por el incumplimiento de las presentes condiciones.<\/p><p>La relaci\u00f3n entre el usuario y el prestador se regir\u00e1 por la normativa vigente y de aplicaci\u00f3n en el territorio espa\u00f1ol. De surgir cualquier controversia las partes podr\u00e1n someter sus conflictos a arbitraje o acudir a la jurisdicci\u00f3n ordinaria cumpliendo con las normas sobre jurisdicci\u00f3n y competencia al respecto. IBIZA COUNTRY VILLAS SL tiene su domicilio en ILLES BALEARS, Espa\u00f1a.<\/p><\/div>\t\t\t\t\t\t\t\t<\/div>\n\t\t\t\t<\/div>\n\t\t\t\t\t<\/div>\n\t\t\t\t<\/div>\n\t\t\t\t<\/div>\n\t\t","protected":false},"excerpt":{"rendered":"<p>En cumplimiento de la Ley 34\/2002, de 11 de julio, de Servicios de la Sociedad de la Informaci\u00f3n y deEn cumplimiento de la Ley 34\/2002, de 11 de julio, de Servicios de la Sociedad de la Informaci\u00f3n y deComercio Electr\u00f3nico (LSSI-CE), IBIZA COUNTRY VILLAS SL informa que es titular del sitio web www.testicv.classbusinessgroup.com . De [&hellip;]<\/p>\n","protected":false},"author":1,"featured_media":0,"parent":0,"menu_order":0,"comment_status":"closed","ping_status":"closed","template":"","meta":{"_acf_changed":false,"footnotes":""},"class_list":["post-12510","page","type-page","status-publish","hentry"],"acf":[],"_links":{"self":[{"href":"https:\/\/www.ibizacountryvillas.com\/en\/wp-json\/wp\/v2\/pages\/12510","targetHints":{"allow":["GET"]}}],"collection":[{"href":"https:\/\/www.ibizacountryvillas.com\/en\/wp-json\/wp\/v2\/pages"}],"about":[{"href":"https:\/\/www.ibizacountryvillas.com\/en\/wp-json\/wp\/v2\/types\/page"}],"author":[{"embeddable":true,"href":"https:\/\/www.ibizacountryvillas.com\/en\/wp-json\/wp\/v2\/users\/1"}],"replies":[{"embeddable":true,"href":"https:\/\/www.ibizacountryvillas.com\/en\/wp-json\/wp\/v2\/comments?post=12510"}],"version-history":[{"count":0,"href":"https:\/\/www.ibizacountryvillas.com\/en\/wp-json\/wp\/v2\/pages\/12510\/revisions"}],"wp:attachment":[{"href":"https:\/\/www.ibizacountryvillas.com\/en\/wp-json\/wp\/v2\/media?parent=12510"}],"curies":[{"name":"wp","href":"https:\/\/api.w.org\/{rel}","templated":true}]}}