


















{"id":12509,"date":"2024-06-03T08:16:30","date_gmt":"2024-06-03T06:16:30","guid":{"rendered":"https:\/\/icv.tunuevapagina.com\/aviso-legal\/"},"modified":"2024-06-26T11:22:12","modified_gmt":"2024-06-26T11:22:12","slug":"aviso-legal","status":"publish","type":"page","link":"https:\/\/www.ibizacountryvillas.com\/en\/aviso-legal\/","title":{"rendered":"Privacy Policy | Legal"},"content":{"rendered":"\t\t<div data-elementor-type=\"wp-page\" data-elementor-id=\"12509\" class=\"elementor elementor-12509 elementor-27\" data-elementor-post-type=\"page\">\n\t\t\t\t<div class=\"elementor-element elementor-element-8c40b04 e-flex e-con-boxed e-con e-parent\" data-id=\"8c40b04\" data-element_type=\"container\" data-e-type=\"container\">\n\t\t\t\t\t<div class=\"e-con-inner\">\n\t\t\t\t<div class=\"elementor-element elementor-element-e0e9807 elementor-widget elementor-widget-heading\" data-id=\"e0e9807\" data-element_type=\"widget\" data-e-type=\"widget\" data-widget_type=\"heading.default\">\n\t\t\t\t<div class=\"elementor-widget-container\">\n\t\t\t\t\t<h1 class=\"elementor-heading-title elementor-size-default\">Privacy Policy | Legal<\/h1>\t\t\t\t<\/div>\n\t\t\t\t<\/div>\n\t\t\t\t<div class=\"elementor-element elementor-element-9aef2b8 elementor-widget elementor-widget-text-editor\" data-id=\"9aef2b8\" data-element_type=\"widget\" data-e-type=\"widget\" data-widget_type=\"text-editor.default\">\n\t\t\t\t<div class=\"elementor-widget-container\">\n\t\t\t\t\t\t\t\t\t<h3>I. INFORMACI\u00d3N EN CUMPLIMIENTO DE LO ESTABLECIDO EN LA LEY 34\/2002, DE 11 DE JULIO, DE SERVICIOS DE LA SOCIEDAD DE LA INFORMACI\u00d3N Y DE COMERCIO ELECTR\u00d3NICO<\/h3><p>En cumplimiento de lo establecido en el art\u00edculo 10 de la Ley 34\/2002, de 11 de julio, de Servicios de la Sociedad de la Informaci\u00f3n y de Comercio Electr\u00f3nico (en adelante, LSSI-CE), se informa de modo expreso, preciso e inequ\u00edvoco, tanto a los destinatarios del servicio como a los \u00f3rganos competentes, de los siguientes aspectos relativos al prestador de servicios de la sociedad de la informaci\u00f3n:<\/p><table><tbody><tr><td><strong>NOMBRE \/ DENOMINACI\u00d3N SOCIAL<\/strong><\/td><td>IBIZA COUNTRY VILLAS, S.L.<\/td><\/tr><tr><td><strong>CIF \/ NIF<\/strong><\/td><td>B57182412<\/td><\/tr><tr><td><strong>ACTIVIDAD \/ OBJETO SOCIAL<\/strong><\/td><td>INMOBILIARIA<\/td><\/tr><tr><td><strong>DOMICILIO SOCIAL \/ PROFESIONAL<\/strong><\/td><td>Avenida Cala Llonga N\u00ba, 131 Edif.Ibiza, Local 1, \u2013 07849 Santa Eulalia del Ri\u0301o (Illes Balears)<\/td><\/tr><tr><td><strong>TEL\u00c9FONO<\/strong><\/td><td>971339307<\/td><\/tr><tr><td><strong>FAX<\/strong><\/td><td>\u00a0<\/td><\/tr><tr><td><strong>DIRECCI\u00d3N DE CORREO ELECTR\u00d3NICO<\/strong><\/td><td><span id=\"cloak8827c4fe557eb0417691b71f5037784e\"><a href=\"mailto:lopd@classbusinessgroup.com\">lopd@classbusinessgroup.com<\/a><\/span><\/td><\/tr><tr><td><strong>DIRECCI\u00d3N WEB<\/strong><\/td><td><a href=\"http:\/\/www.ibizacountryvillas.com\">www.ibizacountryvillas.com<\/a><\/td><\/tr><tr><td><strong>DATOS DE INSCRIPCI\u00d3N EN EL REGISTRO MERCANTIL \/ REGISTRO P\u00daBLICO<\/strong><\/td><td>\u00a0<\/td><\/tr><\/tbody><\/table><h3>II. INFORMACI\u00d3N EN CUMPLIMIENTO DE LO ESTABLECIDO EN LA LEY ORG\u00c1NICA DE PROTECCI\u00d3N DE DATOS DE CAR\u00c1CTER PERSONAL<\/h3><h4>1. PRINCIPIO DE INFORMACI\u00d3N<\/h4><p>En cumplimiento de lo establecido en el art\u00edculo 5 de la Ley Org\u00e1nica 15\/1999, de 13 de diciembre, de Protecci\u00f3n de Datos de Car\u00e1cter Personal (en adelante, LOPD), le informamos de modo expreso, preciso e inequ\u00edvoco que los datos facilitados por usted a trav\u00e9s de los formularios dispuestos al efecto en nuestra p\u00e1gina web o en cualquier otro canal de recogida de los mismos, as\u00ed como los que se generen durante su relaci\u00f3n con nuestra entidad, ser\u00e1n objeto de tratamiento en los ficheros responsabilidad de IBIZA COUNTRY VILLAS, S.L., debidamente notificados en el Registro General de la Agencia Espa\u00f1ola de Protecci\u00f3n de Datos, con la finalidad del mantenimiento y cumplimiento de la relaci\u00f3n del destinatario del servicio con nuestra entidad y prestaci\u00f3n de servicios derivada de la misma.<\/p><p>As\u00ed mismo, en cumplimiento de lo establecido en la citada LOPD y en la Ley 34\/2002, de 11 de julio, de Servicios de la Sociedad de la Informaci\u00f3n y de Comercio Electr\u00f3nico (en adelante, LSSI-CE), le informamos que sus datos podr\u00e1n ser utilizados con la finalidad de enviarle comunicaciones comerciales y de cortes\u00eda relacionadas con nuestra entidad a trav\u00e9s del tel\u00e9fono, correo postal ordinario, fax, correo electr\u00f3nico o medios de comunicaci\u00f3n electr\u00f3nica equivalentes.<\/p><p>De igual manera, le informamos que sus datos ser\u00e1n cedidos en todos aquellos casos en que sea necesario para el desarrollo, cumplimiento y control de la relaci\u00f3n del destinatario del servicio con nuestra entidad o en los supuestos en que lo autorice una norma con rango de ley y, en particular, cuando concurra uno de los supuestos siguientes: a) El tratamiento o la cesi\u00f3n tengan por objeto la satisfacci\u00f3n de un inter\u00e9s leg\u00edtimo del responsable del tratamiento o del cesionario amparado por dicha norma; b) El tratamiento o la cesi\u00f3n de los datos sean necesarios para que el responsable del tratamiento cumpla un deber que le imponga dicha norma.<\/p><h4>2. PRINCIPIO DEL CONSENTIMIENTO<\/h4><p>El consentimiento para el tratamiento de sus datos con las finalidades descritas en el apartado anterior se entender\u00e1 prestado a trav\u00e9s de la marcaci\u00f3n de la casilla correspondiente dispuesta al efecto en nuestra p\u00e1gina web.<\/p><h4>3. CAR\u00c1CTER OBLIGATORIO DE LOS DATOS SOLICITADOS<\/h4><p>La cumplimentaci\u00f3n de todos y cada uno de los campos que aparecen en los formularios dispuestos al efecto en nuestra p\u00e1gina web tiene car\u00e1cter obligatorio (en caso contrario, aparecer\u00e1n marcados con un asterisco los campos que tengan car\u00e1cter obligatorio). La negativa a facilitar sus datos llevar\u00eda aparejada la imposibilidad del mantenimiento y cumplimiento de la relaci\u00f3n del destinatario del servicio con nuestra entidad, ya que los mismos son necesarias para la prestaci\u00f3n de servicios derivada de la misma.<\/p><h4>4. PRINCIPIO DE CALIDAD DE LOS DATOS<\/h4><p>El destinatario del servicio ser\u00e1 el \u00fanico responsable de la veracidad y exactitud de los datos aportados, actuando IBIZA COUNTRY VILLAS, S.L. de buena fe como mero prestador del servicio.<\/p><p>En el supuesto de que el destinatario del servicio facilite datos falsos o de terceras personas sin mediar su consentimiento para ello, responder\u00e1 personalmente frente a IBIZA COUNTRY VILLAS, S.L., los afectados o interesados, Agencia Espa\u00f1ola de Protecci\u00f3n de Datas y, en su caso, autoridades auton\u00f3micas de protecci\u00f3n de datos, de las responsabilidades derivadas de dicha circunstancia.<\/p><p>IBIZA COUNTRY VILLAS, S.L. no recoge datos de personas menores de catorce a\u00f1os a trav\u00e9s de su p\u00e1gina web. En el supuesto de que una persona menor de catorce a\u00f1os facilite sus datos a trav\u00e9s de los formularios dispuestos al efecto en nuestra p\u00e1gina web o en cualquier otro canal de recogida de los mismos, se proceder\u00e1 a su destrucci\u00f3n inmediata en el mismo momento en que se tenga conocimiento de tal circunstancia.<\/p><p>Con la finalidad de dar cumplimiento a lo establecido en el art\u00edculo 4.3 de la LOPD, el destinatario del servicio se compromete a comunicar a IBIZA COUNTRY VILLAS, S.L. los cambios que se produzcan en sus datos, de forma que respondan con veracidad a su situaci\u00f3n actual en todo momento.<\/p><h4>5. PRINCIPIO DE SEGURIDAD DE LOS DATOS<\/h4><p>IBIZA COUNTRY VILLAS, S.L. se compromete al cumplimiento de su obligaci\u00f3n de secreto respecto de los datos de car\u00e1cter personal y de su deber de guardarlos y adoptar\u00e1 todas las medidas de \u00edndole t\u00e9cnica y organizativa necesarias que garanticen la seguridad de los datos de car\u00e1cter personal y eviten su alteraci\u00f3n, p\u00e9rdida, tratamiento o acceso no autorizado, habida cuenta del estado de la tecnolog\u00eda, la naturaleza de los datos almacenados y los riesgos a que est\u00e9n expuestos, ya provengan de la acci\u00f3n humana o del medio f\u00edsico o natural, desarrolladas en el T\u00edtulo VIII del Real Decreto 1720\/2007, de 21 de diciembre, por el que se aprueba el Reglamento de desarrollo de la Ley Org\u00e1nica 15\/1999, de 13 de diciembre, de Protecci\u00f3n de Datos de Car\u00e1cter Personal.<\/p><h4>6. EJERCICIO DE DERECHOS<\/h4><p>En cumplimiento de lo establecido en la LOPD y el Real Decreto 1720\/2007, de 21 de diciembre, por el que se aprueba el Reglamento de desarrollo de la misma, el destinatario del servicio puede ejercitar, en cualquier momento, sus derechos de acceso, rectificaci\u00f3n, cancelaci\u00f3n y oposici\u00f3n ante el responsable del fichero o del tratamiento, adjuntando fotocopia de su DNI.<\/p><h4>7. RESPONSABLE DEL FICHERO O DEL TRATAMIENTO<\/h4><p>El responsable del fichero o del tratamiento es IBIZA COUNTRY VILLAS, S.L., con direcci\u00f3n a efectos de notificaciones en Paseo Mar\u00edtimo s\/n, Edif Transat, CP 07800 \u2013 Ibiza (Islas Baleares).<\/p>\t\t\t\t\t\t\t\t<\/div>\n\t\t\t\t<\/div>\n\t\t\t\t\t<\/div>\n\t\t\t\t<\/div>\n\t\t\t\t<\/div>\n\t\t","protected":false},"excerpt":{"rendered":"<p>I. INFORMACI\u00d3N EN CUMPLIMIENTO DE LO ESTABLECIDO EN LA LEY 34\/2002, DE 11 DE JULIO, DE SERVICIOS DE LA SOCIEDAD DE LA INFORMACI\u00d3N Y DE COMERCIO ELECTR\u00d3NICO En cumplimiento de lo establecido en el art\u00edculo 10 de la Ley 34\/2002, de 11 de julio, de Servicios de la Sociedad de la Informaci\u00f3n y de Comercio [&hellip;]<\/p>\n","protected":false},"author":1,"featured_media":0,"parent":0,"menu_order":0,"comment_status":"closed","ping_status":"closed","template":"","meta":{"_acf_changed":false,"footnotes":""},"class_list":["post-12509","page","type-page","status-publish","hentry"],"acf":[],"_links":{"self":[{"href":"https:\/\/www.ibizacountryvillas.com\/en\/wp-json\/wp\/v2\/pages\/12509","targetHints":{"allow":["GET"]}}],"collection":[{"href":"https:\/\/www.ibizacountryvillas.com\/en\/wp-json\/wp\/v2\/pages"}],"about":[{"href":"https:\/\/www.ibizacountryvillas.com\/en\/wp-json\/wp\/v2\/types\/page"}],"author":[{"embeddable":true,"href":"https:\/\/www.ibizacountryvillas.com\/en\/wp-json\/wp\/v2\/users\/1"}],"replies":[{"embeddable":true,"href":"https:\/\/www.ibizacountryvillas.com\/en\/wp-json\/wp\/v2\/comments?post=12509"}],"version-history":[{"count":0,"href":"https:\/\/www.ibizacountryvillas.com\/en\/wp-json\/wp\/v2\/pages\/12509\/revisions"}],"wp:attachment":[{"href":"https:\/\/www.ibizacountryvillas.com\/en\/wp-json\/wp\/v2\/media?parent=12509"}],"curies":[{"name":"wp","href":"https:\/\/api.w.org\/{rel}","templated":true}]}}